{"id":48,"date":"2026-02-11T21:51:33","date_gmt":"2026-02-11T21:51:33","guid":{"rendered":"https:\/\/ro-gootrsl.realreparciones.com.es\/?page_id=48"},"modified":"2026-02-11T21:51:34","modified_gmt":"2026-02-11T21:51:34","slug":"privacy-policy","status":"publish","type":"page","link":"https:\/\/ro-gootrsl.realreparciones.com.es\/index.php\/privacy-policy\/","title":{"rendered":"Privacy policy"},"content":{"rendered":"\n<h2 class=\"wp-block-heading\">Cine e\u0219ti (suntem)<\/h2>\n\n\n\n<p><strong class=\"privacy-policy-tutorial\">Text sugerat: <\/strong>Adresa site-ului nostru web este: https:\/\/realreparciones.com.es\/ro-gootrsl.<\/p>\n\n\n\n<h2 class=\"wp-block-heading\">Comentarii<\/h2>\n\n\n\n<p><strong class=\"privacy-policy-tutorial\">Text sugerat: <\/strong>C\u00e2nd vizitatorii las\u0103 comentarii pe site, colect\u0103m datele ar\u0103tate \u00een formularele de comentarii, dar \u0219i adresa IP a vizitatorului \u0219i \u0219irul agen\u021bilor utilizator din navigator pentru a ne ajuta la detectarea spamului.<\/p>\n\n\n\n<p>Un \u0219ir f\u0103cut anonim (numit \u0219i un hash), creat din adresele tale de email, poate fi furnizat serviciului Gravatar pentru a vedea dac\u0103 \u00eel folose\u0219ti. Politica de confiden\u021bialitate a serviciului Gravatar este disponibil\u0103 aici: https:\/\/automattic.com\/privacy\/. Dup\u0103 aprobarea comentariului, fotografia ta de profil este vizibil\u0103 pentru public l\u00e2ng\u0103 comentariul t\u0103u.<\/p>\n\n\n\n<h2 class=\"wp-block-heading\">Media<\/h2>\n\n\n\n<p><strong class=\"privacy-policy-tutorial\">Text sugerat: <\/strong>Dac\u0103 \u00eencarci imagini pe site-ul web, ar trebui s\u0103 evi\u021bi \u00eenc\u0103rcarea imaginilor care au incluse date de loca\u021bie \u00eenglobate (EXIF GPS). Vizitatorii site-ului web pot desc\u0103rca \u0219i extrage toate datele despre loca\u021bie din imaginile de pe site.<\/p>\n\n\n\n<h2 class=\"wp-block-heading\">Cookie-uri<\/h2>\n\n\n\n<p><strong class=\"privacy-policy-tutorial\">Text sugerat: <\/strong>Dac\u0103 la\u0219i un comentariu pe site-ul nostru, po\u021bi opta pentru salvarea \u00een cookie-uri a numelui, adresei de email \u0219i site-ului t\u0103u web. Acestea sunt pentru confortul t\u0103u, astfel nu mai trebuie s\u0103 le completezi din nou c\u00e2nd la\u0219i un alt comentariu. Aceste cookie-uri vor fi valabile un an.<\/p>\n\n\n\n<p>Dac\u0103 mergi la pagina noastr\u0103 de autentificare, vom seta un cookie temporar pentru a determina dac\u0103 navigatorul t\u0103u accept\u0103 cookie-uri. Acest cookie nu con\u021bine date personale \u0219i este eliminat c\u00e2nd \u00eenchizi navigatorul.<\/p>\n\n\n\n<p>C\u00e2nd te autentifici, vom seta \u0219i c\u00e2teva cookie-uri pentru a-\u021bi salva informa\u021biile de autentificare \u0219i op\u021biunile de afi\u0219are pe ecran. Cookie-urile de autentificare sunt p\u0103strate dou\u0103 zile, iar cele pentru op\u021biuni de afi\u0219are pe ecran sunt p\u0103strate un an. Dac\u0103 selectezi \u201e\u021aine-m\u0103 minte\u201d, cookie-urile tale de autentificare vor fi p\u0103strate dou\u0103 s\u0103pt\u0103m\u00e2ni. Dac\u0103 te dezautentifici din cont, cookie-urile de autentificare vor fi eliminate.<\/p>\n\n\n\n<p>Dac\u0103 editezi sau publici un articol, un cookie suplimentar va fi salvat \u00een navigatorul t\u0103u. Acest cookie nu include date personale \u0219i indic\u0103 pur \u0219i simplu ID-ul articolului pe care tocmai l-ai editat. El expir\u0103 dup\u0103 1 zi.<\/p>\n\n\n\n<h2 class=\"wp-block-heading\">Con\u021binut \u00eenglobat de pe alte site-uri web<\/h2>\n\n\n\n<p><strong class=\"privacy-policy-tutorial\">Text sugerat: <\/strong>Articolele din acest site pot include con\u021binut \u00eenglobat (de exemplu, videouri, imagini, articole etc.). Con\u021binutul \u00eenglobat de pe alte site-uri web se comporta exact la fel ca \u0219i cum vizitatorii au vizualizat un alt site web.<\/p>\n\n\n\n<p>Aceste site-uri web pot s\u0103 colecteze date despre tine, s\u0103 foloseasc\u0103 cookie-uri, s\u0103 \u00eenglobeze urm\u0103rirea suplimentar\u0103 a ter\u021bilor \u0219i s\u0103-\u021bi monitorizeze interac\u021biunea cu con\u021binutul \u00eenglobat, inclusiv s\u0103-\u021bi urm\u0103reasc\u0103 interac\u021biunea cu con\u021binutul \u00eenglobat dac\u0103 ai un cont \u0219i e\u0219ti autentificat \u00een acel site web.<\/p>\n\n\n\n<h2 class=\"wp-block-heading\">Cu cine partaj\u0103m datele tale<\/h2>\n\n\n\n<p><strong class=\"privacy-policy-tutorial\">Text sugerat: <\/strong>Dac\u0103 ceri resetarea parolei, adresa ta IP va fi inclus\u0103 \u00een emailul pentru resetare.<\/p>\n\n\n\n<h2 class=\"wp-block-heading\">C\u00e2t timp \u00ee\u021bi p\u0103str\u0103m datele<\/h2>\n\n\n\n<p><strong class=\"privacy-policy-tutorial\">Text sugerat: <\/strong>Dac\u0103 la\u0219i un comentariu, comentariul \u0219i metadatele lui sunt p\u0103strate pe o perioad\u0103 nedeterminat\u0103. A\u0219a putem recunoa\u0219te \u0219i aproba automat toate comentariile urm\u0103toare \u00een loc s\u0103 le \u021binem \u00eentr-o coad\u0103 pentru moderare.<\/p>\n\n\n\n<p>Pentru utilizatorii (dac\u0103 exist\u0103) care se \u00eenregistreaz\u0103 pe site-ul nostru web, stoc\u0103m \u0219i informa\u021biile personale pe care le furnizeaz\u0103 \u00een profilul lor de utilizator. To\u021bi utilizatorii \u00ee\u0219i pot vedea, edita sau \u0219terge informa\u021biile personale oric\u00e2nd (dar nu \u00ee\u0219i pot schimba numele de utilizator). De asemenea, administratorii site-ului web pot vedea \u0219i edita aceste informa\u021bii.<\/p>\n\n\n\n<h2 class=\"wp-block-heading\">Ce drepturi ai asupra datelor tale<\/h2>\n\n\n\n<p><strong class=\"privacy-policy-tutorial\">Text sugerat: <\/strong>Dac\u0103 ai un cont sau ai l\u0103sat comentarii pe acest site web, po\u021bi cere s\u0103 prime\u0219ti un fi\u0219ier de export cu datele cu caracter personal pe care le de\u021binem despre tine, inclusiv toate datele pe care ni le-ai furnizat. De asemenea, ne po\u021bi cere s\u0103 \u0219tergem toate datele cu caracter personal pe care le de\u021binem despre tine. Acestea nu includ \u0219i toate datele pe care suntem obliga\u021bi s\u0103 le p\u0103str\u0103m \u00een scopuri administrative, juridice sau de securitate.<\/p>\n\n\n\n<h2 class=\"wp-block-heading\">Unde sunt trimise datele tale<\/h2>\n\n\n\n<p><strong class=\"privacy-policy-tutorial\">Text sugerat: <\/strong>Comentariile vizitatorilor pot fi verificate printr-un serviciu automat de detectare a spamului.<\/p>\n","protected":false},"excerpt":{"rendered":"<p>Cine e\u0219ti (suntem) Text sugerat: Adresa site-ului nostru web este: https:\/\/realreparciones.com.es\/ro-gootrsl. Comentarii Text sugerat: C\u00e2nd vizitatorii las\u0103 comentarii pe site, colect\u0103m datele ar\u0103tate \u00een formularele de comentarii, dar \u0219i adresa IP a vizitatorului \u0219i \u0219irul agen\u021bilor utilizator din navigator pentru a ne ajuta la detectarea spamului. Un \u0219ir f\u0103cut anonim (numit \u0219i un hash), creat &#8230; <a title=\"Privacy policy\" class=\"read-more\" href=\"https:\/\/ro-gootrsl.realreparciones.com.es\/index.php\/privacy-policy\/\" aria-label=\"Cite\u0219te mai multe despre Privacy policy\">Cite\u0219te mai mult<\/a><\/p>\n","protected":false},"author":1,"featured_media":0,"parent":0,"menu_order":0,"comment_status":"closed","ping_status":"closed","template":"","meta":{"footnotes":""},"class_list":["post-48","page","type-page","status-publish"],"yoast_head":"<!-- This site is optimized with the Yoast SEO plugin v26.9 - https:\/\/yoast.com\/product\/yoast-seo-wordpress\/ -->\n<title>Privacy policy - Realreparciones<\/title>\n<meta name=\"robots\" content=\"index, follow, max-snippet:-1, max-image-preview:large, max-video-preview:-1\" \/>\n<link rel=\"canonical\" href=\"https:\/\/ro-gootrsl.realreparciones.com.es\/index.php\/privacy-policy\/\" \/>\n<meta property=\"og:locale\" content=\"ro_RO\" \/>\n<meta property=\"og:type\" content=\"article\" \/>\n<meta property=\"og:title\" content=\"Privacy policy - Realreparciones\" \/>\n<meta property=\"og:description\" content=\"Cine e\u0219ti (suntem) Text sugerat: Adresa site-ului nostru web este: https:\/\/realreparciones.com.es\/ro-gootrsl. Comentarii Text sugerat: C\u00e2nd vizitatorii las\u0103 comentarii pe site, colect\u0103m datele ar\u0103tate \u00een formularele de comentarii, dar \u0219i adresa IP a vizitatorului \u0219i \u0219irul agen\u021bilor utilizator din navigator pentru a ne ajuta la detectarea spamului. Un \u0219ir f\u0103cut anonim (numit \u0219i un hash), creat ... Cite\u0219te mai mult\" \/>\n<meta property=\"og:url\" content=\"https:\/\/ro-gootrsl.realreparciones.com.es\/index.php\/privacy-policy\/\" \/>\n<meta property=\"og:site_name\" content=\"Realreparciones\" \/>\n<meta property=\"article:modified_time\" content=\"2026-02-11T21:51:34+00:00\" \/>\n<meta name=\"twitter:card\" content=\"summary_large_image\" \/>\n<meta name=\"twitter:label1\" content=\"Timp estimat pentru citire\" \/>\n\t<meta name=\"twitter:data1\" content=\"4 minute\" \/>\n<script type=\"application\/ld+json\" class=\"yoast-schema-graph\">{\"@context\":\"https:\/\/schema.org\",\"@graph\":[{\"@type\":\"WebPage\",\"@id\":\"https:\/\/ro-gootrsl.realreparciones.com.es\/index.php\/privacy-policy\/\",\"url\":\"https:\/\/ro-gootrsl.realreparciones.com.es\/index.php\/privacy-policy\/\",\"name\":\"Privacy policy - Realreparciones\",\"isPartOf\":{\"@id\":\"https:\/\/ro-gootrsl.realreparciones.com.es\/#website\"},\"datePublished\":\"2026-02-11T21:51:33+00:00\",\"dateModified\":\"2026-02-11T21:51:34+00:00\",\"breadcrumb\":{\"@id\":\"https:\/\/ro-gootrsl.realreparciones.com.es\/index.php\/privacy-policy\/#breadcrumb\"},\"inLanguage\":\"ro-RO\",\"potentialAction\":[{\"@type\":\"ReadAction\",\"target\":[\"https:\/\/ro-gootrsl.realreparciones.com.es\/index.php\/privacy-policy\/\"]}]},{\"@type\":\"BreadcrumbList\",\"@id\":\"https:\/\/ro-gootrsl.realreparciones.com.es\/index.php\/privacy-policy\/#breadcrumb\",\"itemListElement\":[{\"@type\":\"ListItem\",\"position\":1,\"name\":\"Prima pagin\u0103\",\"item\":\"https:\/\/ro-gootrsl.realreparciones.com.es\/\"},{\"@type\":\"ListItem\",\"position\":2,\"name\":\"Privacy policy\"}]},{\"@type\":\"WebSite\",\"@id\":\"https:\/\/ro-gootrsl.realreparciones.com.es\/#website\",\"url\":\"https:\/\/ro-gootrsl.realreparciones.com.es\/\",\"name\":\"Realreparciones\",\"description\":\"\",\"potentialAction\":[{\"@type\":\"SearchAction\",\"target\":{\"@type\":\"EntryPoint\",\"urlTemplate\":\"https:\/\/ro-gootrsl.realreparciones.com.es\/?s={search_term_string}\"},\"query-input\":{\"@type\":\"PropertyValueSpecification\",\"valueRequired\":true,\"valueName\":\"search_term_string\"}}],\"inLanguage\":\"ro-RO\"}]}<\/script>\n<!-- \/ Yoast SEO plugin. -->","yoast_head_json":{"title":"Privacy policy - Realreparciones","robots":{"index":"index","follow":"follow","max-snippet":"max-snippet:-1","max-image-preview":"max-image-preview:large","max-video-preview":"max-video-preview:-1"},"canonical":"https:\/\/ro-gootrsl.realreparciones.com.es\/index.php\/privacy-policy\/","og_locale":"ro_RO","og_type":"article","og_title":"Privacy policy - Realreparciones","og_description":"Cine e\u0219ti (suntem) Text sugerat: Adresa site-ului nostru web este: https:\/\/realreparciones.com.es\/ro-gootrsl. Comentarii Text sugerat: C\u00e2nd vizitatorii las\u0103 comentarii pe site, colect\u0103m datele ar\u0103tate \u00een formularele de comentarii, dar \u0219i adresa IP a vizitatorului \u0219i \u0219irul agen\u021bilor utilizator din navigator pentru a ne ajuta la detectarea spamului. Un \u0219ir f\u0103cut anonim (numit \u0219i un hash), creat ... Cite\u0219te mai mult","og_url":"https:\/\/ro-gootrsl.realreparciones.com.es\/index.php\/privacy-policy\/","og_site_name":"Realreparciones","article_modified_time":"2026-02-11T21:51:34+00:00","twitter_card":"summary_large_image","twitter_misc":{"Timp estimat pentru citire":"4 minute"},"schema":{"@context":"https:\/\/schema.org","@graph":[{"@type":"WebPage","@id":"https:\/\/ro-gootrsl.realreparciones.com.es\/index.php\/privacy-policy\/","url":"https:\/\/ro-gootrsl.realreparciones.com.es\/index.php\/privacy-policy\/","name":"Privacy policy - Realreparciones","isPartOf":{"@id":"https:\/\/ro-gootrsl.realreparciones.com.es\/#website"},"datePublished":"2026-02-11T21:51:33+00:00","dateModified":"2026-02-11T21:51:34+00:00","breadcrumb":{"@id":"https:\/\/ro-gootrsl.realreparciones.com.es\/index.php\/privacy-policy\/#breadcrumb"},"inLanguage":"ro-RO","potentialAction":[{"@type":"ReadAction","target":["https:\/\/ro-gootrsl.realreparciones.com.es\/index.php\/privacy-policy\/"]}]},{"@type":"BreadcrumbList","@id":"https:\/\/ro-gootrsl.realreparciones.com.es\/index.php\/privacy-policy\/#breadcrumb","itemListElement":[{"@type":"ListItem","position":1,"name":"Prima pagin\u0103","item":"https:\/\/ro-gootrsl.realreparciones.com.es\/"},{"@type":"ListItem","position":2,"name":"Privacy policy"}]},{"@type":"WebSite","@id":"https:\/\/ro-gootrsl.realreparciones.com.es\/#website","url":"https:\/\/ro-gootrsl.realreparciones.com.es\/","name":"Realreparciones","description":"","potentialAction":[{"@type":"SearchAction","target":{"@type":"EntryPoint","urlTemplate":"https:\/\/ro-gootrsl.realreparciones.com.es\/?s={search_term_string}"},"query-input":{"@type":"PropertyValueSpecification","valueRequired":true,"valueName":"search_term_string"}}],"inLanguage":"ro-RO"}]}},"amp_enabled":true,"_links":{"self":[{"href":"https:\/\/ro-gootrsl.realreparciones.com.es\/index.php\/wp-json\/wp\/v2\/pages\/48","targetHints":{"allow":["GET"]}}],"collection":[{"href":"https:\/\/ro-gootrsl.realreparciones.com.es\/index.php\/wp-json\/wp\/v2\/pages"}],"about":[{"href":"https:\/\/ro-gootrsl.realreparciones.com.es\/index.php\/wp-json\/wp\/v2\/types\/page"}],"author":[{"embeddable":true,"href":"https:\/\/ro-gootrsl.realreparciones.com.es\/index.php\/wp-json\/wp\/v2\/users\/1"}],"replies":[{"embeddable":true,"href":"https:\/\/ro-gootrsl.realreparciones.com.es\/index.php\/wp-json\/wp\/v2\/comments?post=48"}],"version-history":[{"count":1,"href":"https:\/\/ro-gootrsl.realreparciones.com.es\/index.php\/wp-json\/wp\/v2\/pages\/48\/revisions"}],"predecessor-version":[{"id":49,"href":"https:\/\/ro-gootrsl.realreparciones.com.es\/index.php\/wp-json\/wp\/v2\/pages\/48\/revisions\/49"}],"wp:attachment":[{"href":"https:\/\/ro-gootrsl.realreparciones.com.es\/index.php\/wp-json\/wp\/v2\/media?parent=48"}],"curies":[{"name":"wp","href":"https:\/\/api.w.org\/{rel}","templated":true}]}}